{"id":45,"date":"2026-03-18T18:54:34","date_gmt":"2026-03-18T18:54:34","guid":{"rendered":"http:\/\/www.enerstone.pt\/?page_id=45"},"modified":"2026-03-30T09:31:31","modified_gmt":"2026-03-30T09:31:31","slug":"home-2","status":"publish","type":"page","link":"https:\/\/www.enerstone.pt\/","title":{"rendered":"Home"},"content":{"rendered":"\t\t<div data-elementor-type=\"wp-page\" data-elementor-id=\"45\" class=\"elementor elementor-45\">\n\t\t\t\t<div class=\"elementor-element elementor-element-42138b2 e-flex e-con-boxed e-con e-parent\" data-id=\"42138b2\" data-element_type=\"container\" data-e-type=\"container\" data-settings=\"{&quot;background_background&quot;:&quot;classic&quot;}\">\n\t\t\t\t\t<div class=\"e-con-inner\">\n\t\t\t\t<div class=\"elementor-element elementor-element-22933d6 elementor-widget__width-initial elementor-widget elementor-widget-heading\" data-id=\"22933d6\" data-element_type=\"widget\" data-e-type=\"widget\" data-widget_type=\"heading.default\">\n\t\t\t\t\t<h2 class=\"elementor-heading-title elementor-size-default\">Solu\u00e7\u00f5es profissionais para constru\u00e7\u00e3o e ind\u00fastria<\/h2>\t\t\t\t<\/div>\n\t\t\t\t\t<\/div>\n\t\t\t\t<\/div>\n\t\t<div class=\"elementor-element elementor-element-44a6c38 e-flex e-con-boxed e-con e-parent\" data-id=\"44a6c38\" data-element_type=\"container\" data-e-type=\"container\">\n\t\t\t\t\t<div class=\"e-con-inner\">\n\t\t<div class=\"elementor-element elementor-element-5375f33 e-con-full e-flex e-con e-child\" data-id=\"5375f33\" data-element_type=\"container\" data-e-type=\"container\">\n\t\t\t\t<\/div>\n\t\t\t\t<div class=\"elementor-element elementor-element-7664dbf elementor-widget elementor-widget-heading\" data-id=\"7664dbf\" data-element_type=\"widget\" data-e-type=\"widget\" data-widget_type=\"heading.default\">\n\t\t\t\t\t<h2 class=\"elementor-heading-title elementor-size-default\">Marcas com que trabalhamos<\/h2>\t\t\t\t<\/div>\n\t\t\t\t\t<\/div>\n\t\t\t\t<\/div>\n\t\t<div class=\"elementor-element elementor-element-a3e33c7 e-grid e-con-boxed e-con e-parent\" data-id=\"a3e33c7\" data-element_type=\"container\" data-e-type=\"container\">\n\t\t\t\t\t<div class=\"e-con-inner\">\n\t\t\t\t<div class=\"elementor-element elementor-element-8434705 elementor-widget elementor-widget-image\" data-id=\"8434705\" data-element_type=\"widget\" data-e-type=\"widget\" data-widget_type=\"image.default\">\n\t\t\t\t\t\t\t\t\t\t\t\t\t\t\t<img fetchpriority=\"high\" decoding=\"async\" width=\"500\" height=\"150\" src=\"https:\/\/www.enerstone.pt\/wp-content\/uploads\/2026\/03\/HiKOKI_logo.png\" class=\"attachment-large size-large wp-image-57\" alt=\"\" srcset=\"https:\/\/www.enerstone.pt\/wp-content\/uploads\/2026\/03\/HiKOKI_logo.png 500w, https:\/\/www.enerstone.pt\/wp-content\/uploads\/2026\/03\/HiKOKI_logo-300x90.png 300w\" sizes=\"(max-width: 500px) 100vw, 500px\" \/>\t\t\t\t\t\t\t\t\t\t\t\t\t\t\t<\/div>\n\t\t\t\t<div class=\"elementor-element elementor-element-cb5877c elementor-widget elementor-widget-image\" data-id=\"cb5877c\" data-element_type=\"widget\" data-e-type=\"widget\" data-widget_type=\"image.default\">\n\t\t\t\t\t\t\t\t\t\t\t\t\t\t\t<img decoding=\"async\" width=\"600\" height=\"600\" src=\"https:\/\/www.enerstone.pt\/wp-content\/uploads\/2026\/03\/stayer-high-end-power-tools-logo-png_seeklogo-571715.png\" class=\"attachment-large size-large wp-image-53\" alt=\"\" srcset=\"https:\/\/www.enerstone.pt\/wp-content\/uploads\/2026\/03\/stayer-high-end-power-tools-logo-png_seeklogo-571715.png 600w, https:\/\/www.enerstone.pt\/wp-content\/uploads\/2026\/03\/stayer-high-end-power-tools-logo-png_seeklogo-571715-300x300.png 300w, https:\/\/www.enerstone.pt\/wp-content\/uploads\/2026\/03\/stayer-high-end-power-tools-logo-png_seeklogo-571715-150x150.png 150w\" sizes=\"(max-width: 600px) 100vw, 600px\" \/>\t\t\t\t\t\t\t\t\t\t\t\t\t\t\t<\/div>\n\t\t\t\t<div class=\"elementor-element elementor-element-fcf6c8e elementor-widget elementor-widget-image\" data-id=\"fcf6c8e\" data-element_type=\"widget\" data-e-type=\"widget\" data-widget_type=\"image.default\">\n\t\t\t\t\t\t\t\t\t\t\t\t\t\t\t<img decoding=\"async\" width=\"1024\" height=\"331\" src=\"https:\/\/www.enerstone.pt\/wp-content\/uploads\/2026\/03\/RIDGID_logo.png\" class=\"attachment-large size-large wp-image-66\" alt=\"\" srcset=\"https:\/\/www.enerstone.pt\/wp-content\/uploads\/2026\/03\/RIDGID_logo.png 1024w, https:\/\/www.enerstone.pt\/wp-content\/uploads\/2026\/03\/RIDGID_logo-300x97.png 300w, https:\/\/www.enerstone.pt\/wp-content\/uploads\/2026\/03\/RIDGID_logo-768x248.png 768w\" sizes=\"(max-width: 1024px) 100vw, 1024px\" \/>\t\t\t\t\t\t\t\t\t\t\t\t\t\t\t<\/div>\n\t\t\t\t<div class=\"elementor-element elementor-element-a7c4d15 elementor-widget elementor-widget-image\" data-id=\"a7c4d15\" data-element_type=\"widget\" data-e-type=\"widget\" data-widget_type=\"image.default\">\n\t\t\t\t\t\t\t\t\t\t\t\t\t\t\t<img loading=\"lazy\" decoding=\"async\" width=\"1024\" height=\"724\" src=\"https:\/\/www.enerstone.pt\/wp-content\/uploads\/2026\/03\/630ecc55d0f10e6bafc0747c_\u3010AGP-LOGO-\u3011\u7d05\u8272-\u6709\u8a3b\u518a\u5546\u6a19-1024x724.png\" class=\"attachment-large size-large wp-image-89\" alt=\"\" srcset=\"https:\/\/www.enerstone.pt\/wp-content\/uploads\/2026\/03\/630ecc55d0f10e6bafc0747c_\u3010AGP-LOGO-\u3011\u7d05\u8272-\u6709\u8a3b\u518a\u5546\u6a19-1024x724.png 1024w, https:\/\/www.enerstone.pt\/wp-content\/uploads\/2026\/03\/630ecc55d0f10e6bafc0747c_\u3010AGP-LOGO-\u3011\u7d05\u8272-\u6709\u8a3b\u518a\u5546\u6a19-300x212.png 300w, https:\/\/www.enerstone.pt\/wp-content\/uploads\/2026\/03\/630ecc55d0f10e6bafc0747c_\u3010AGP-LOGO-\u3011\u7d05\u8272-\u6709\u8a3b\u518a\u5546\u6a19-768x543.png 768w, https:\/\/www.enerstone.pt\/wp-content\/uploads\/2026\/03\/630ecc55d0f10e6bafc0747c_\u3010AGP-LOGO-\u3011\u7d05\u8272-\u6709\u8a3b\u518a\u5546\u6a19-1536x1086.png 1536w, https:\/\/www.enerstone.pt\/wp-content\/uploads\/2026\/03\/630ecc55d0f10e6bafc0747c_\u3010AGP-LOGO-\u3011\u7d05\u8272-\u6709\u8a3b\u518a\u5546\u6a19-2048x1448.png 2048w\" sizes=\"(max-width: 1024px) 100vw, 1024px\" \/>\t\t\t\t\t\t\t\t\t\t\t\t\t\t\t<\/div>\n\t\t\t\t\t<\/div>\n\t\t\t\t<\/div>\n\t\t<div class=\"elementor-element elementor-element-344453b e-flex e-con-boxed e-con e-parent\" data-id=\"344453b\" data-element_type=\"container\" data-e-type=\"container\">\n\t\t\t\t\t<div class=\"e-con-inner\">\n\t\t\t\t\t<\/div>\n\t\t\t\t<\/div>\n\t\t<div class=\"elementor-element elementor-element-b9210dd e-flex e-con-boxed e-con e-parent\" data-id=\"b9210dd\" data-element_type=\"container\" data-e-type=\"container\">\n\t\t\t\t\t<div class=\"e-con-inner\">\n\t\t\t\t<div class=\"elementor-element elementor-element-1e9f223 elementor-widget elementor-widget-button\" data-id=\"1e9f223\" data-element_type=\"widget\" data-e-type=\"widget\" data-widget_type=\"button.default\">\n\t\t\t\t\t\t\t\t\t\t<a class=\"elementor-button elementor-button-link elementor-size-sm\" href=\"#\">\n\t\t\t\t\t\t<span class=\"elementor-button-content-wrapper\">\n\t\t\t\t\t\t\t\t\t<span class=\"elementor-button-text\">Clique aqui<\/span>\n\t\t\t\t\t<\/span>\n\t\t\t\t\t<\/a>\n\t\t\t\t\t\t\t\t<\/div>\n\t\t\t\t\t<\/div>\n\t\t\t\t<\/div>\n\t\t\t\t<\/div>\n\t\t","protected":false},"excerpt":{"rendered":"<p>Solu\u00e7\u00f5es profissionais para constru\u00e7\u00e3o e ind\u00fastria Marcas com que trabalhamos Clique aqui<\/p>\n","protected":false},"author":1,"featured_media":0,"parent":0,"menu_order":0,"comment_status":"closed","ping_status":"closed","template":"","meta":{"site-sidebar-layout":"no-sidebar","site-content-layout":"","ast-site-content-layout":"full-width-container","site-content-style":"default","site-sidebar-style":"default","ast-global-header-display":"","ast-banner-title-visibility":"","ast-main-header-display":"","ast-hfb-above-header-display":"","ast-hfb-below-header-display":"","ast-hfb-mobile-header-display":"","site-post-title":"","ast-breadcrumbs-content":"","ast-featured-img":"disabled","footer-sml-layout":"","ast-disable-related-posts":"","theme-transparent-header-meta":"","adv-header-id-meta":"","stick-header-meta":"","header-above-stick-meta":"","header-main-stick-meta":"","header-below-stick-meta":"","astra-migrate-meta-layouts":"default","ast-page-background-enabled":"default","ast-page-background-meta":{"desktop":{"background-color":"var(--ast-global-color-5)","background-image":"","background-repeat":"repeat","background-position":"center center","background-size":"auto","background-attachment":"scroll","background-type":"","background-media":"","overlay-type":"","overlay-color":"","overlay-opacity":"","overlay-gradient":""},"tablet":{"background-color":"","background-image":"","background-repeat":"repeat","background-position":"center center","background-size":"auto","background-attachment":"scroll","background-type":"","background-media":"","overlay-type":"","overlay-color":"","overlay-opacity":"","overlay-gradient":""},"mobile":{"background-color":"","background-image":"","background-repeat":"repeat","background-position":"center center","background-size":"auto","background-attachment":"scroll","background-type":"","background-media":"","overlay-type":"","overlay-color":"","overlay-opacity":"","overlay-gradient":""}},"ast-content-background-meta":{"desktop":{"background-color":"var(--ast-global-color-4)","background-image":"","background-repeat":"repeat","background-position":"center center","background-size":"auto","background-attachment":"scroll","background-type":"","background-media":"","overlay-type":"","overlay-color":"","overlay-opacity":"","overlay-gradient":""},"tablet":{"background-color":"var(--ast-global-color-4)","background-image":"","background-repeat":"repeat","background-position":"center center","background-size":"auto","background-attachment":"scroll","background-type":"","background-media":"","overlay-type":"","overlay-color":"","overlay-opacity":"","overlay-gradient":""},"mobile":{"background-color":"var(--ast-global-color-4)","background-image":"","background-repeat":"repeat","background-position":"center center","background-size":"auto","background-attachment":"scroll","background-type":"","background-media":"","overlay-type":"","overlay-color":"","overlay-opacity":"","overlay-gradient":""}},"footnotes":""},"class_list":["post-45","page","type-page","status-publish","hentry"],"_links":{"self":[{"href":"https:\/\/www.enerstone.pt\/index.php\/wp-json\/wp\/v2\/pages\/45","targetHints":{"allow":["GET"]}}],"collection":[{"href":"https:\/\/www.enerstone.pt\/index.php\/wp-json\/wp\/v2\/pages"}],"about":[{"href":"https:\/\/www.enerstone.pt\/index.php\/wp-json\/wp\/v2\/types\/page"}],"author":[{"embeddable":true,"href":"https:\/\/www.enerstone.pt\/index.php\/wp-json\/wp\/v2\/users\/1"}],"replies":[{"embeddable":true,"href":"https:\/\/www.enerstone.pt\/index.php\/wp-json\/wp\/v2\/comments?post=45"}],"version-history":[{"count":27,"href":"https:\/\/www.enerstone.pt\/index.php\/wp-json\/wp\/v2\/pages\/45\/revisions"}],"predecessor-version":[{"id":100,"href":"https:\/\/www.enerstone.pt\/index.php\/wp-json\/wp\/v2\/pages\/45\/revisions\/100"}],"wp:attachment":[{"href":"https:\/\/www.enerstone.pt\/index.php\/wp-json\/wp\/v2\/media?parent=45"}],"curies":[{"name":"wp","href":"https:\/\/api.w.org\/{rel}","templated":true}]}}